{"id":150,"date":"2020-07-22T16:18:26","date_gmt":"2020-07-22T14:18:26","guid":{"rendered":"https:\/\/stage.nothinghidden.ch\/?page_id=150"},"modified":"2021-12-18T12:45:31","modified_gmt":"2021-12-18T10:45:31","slug":"single-life","status":"publish","type":"page","link":"https:\/\/nothinghidden.ch\/index.php\/informationen\/single-life\/","title":{"rendered":"Single Life"},"content":{"rendered":"<div class=\"row \"><div class=\"wpv-grid grid-1-1  wpv-first-level first unextended\" style=\"padding-top:0px;padding-bottom:0px\" id=\"wpv-column-681f4d7d776351e6938d7331ee1f4d60\" ><h3>Beziehungen aufbauen, vertiefen und pflegen<\/h3>\n<p>Im Kern dessen, was wir sind, sind wir mit dem Wunsch nach Beziehung geschaffen worden \u2013 um Intimit\u00e4t und Verbindung zu erfahren, um andere kennen zu lernen und selbst erkannt zu werden. Dennoch wissen viele nicht, wie man diese Art von tiefer Verbindung schafft. Der Single Life Workshop hilft <strong>Einzelpersonen und Paaren, die noch nicht verheiratet sind<\/strong>, echte und bedeutungsvolle Beziehungen aufzubauen, die unser nat\u00fcrliches Verlangen, uns wirklich verbunden zu f\u00fchlen, tats\u00e4chlich befriedigen.<\/p>\n<p>Wenn man nicht die Art von Beziehungen erlebt, die man sich w\u00fcnscht, vor allem wenn man nicht weiss, wie man sie herstellen kann, kann es sich manchmal frustrierend und sogar hoffnungslos anf\u00fchlen. Wir verstehen das und haben vielen Menschen geholfen, tiefere Beziehungsebenen zu erleben, von denen sie nicht einmal wussten, dass sie m\u00f6glich sind.<\/p>\n<p>Aufbauend auf den Prinzipien und Werkzeugen von \u201eLiebe in der Ehe\u201c und zugeschnitten auf Singles und noch nicht verheiratete Paare, bietet der Single Life Workshop wichtige Beziehungswerkzeuge, die Du in jedem Lebensbereich anwenden kannst, wenn Du Dir eine andere Ebene der Tiefe in Deinen Beziehungen w\u00fcnscht \u2013 sei es in Freundschaften oder Partnerbeziehungen vor der Ehe.<\/p>\n<ol>\n<li>In einem Single Life Workshop lernst Du wie Du in Beziehungen vollst\u00e4ndig Tiefe erlebst, gesehen und geliebt wirst.<\/li>\n<li>einfache und kraftvolle Werkzeuge anzuwenden, die eine tiefere Verbindung in der Kommunikation und Interaktion mit anderen schafft.<\/li>\n<li>wie Du Sexualit\u00e4t als das Geschenk Gottes, das sie ist, voll und ganz annehmen kannst.<\/li>\n<\/ol>\n<p>Verpasse nicht Freude, Vergn\u00fcgen, Freiheit und Spass, die Gott Dir durch Beziehungen schenken m\u00f6chte. Wenn Du Dir die Zeit nimmst und entdeckst, wie man Beziehungen gut f\u00fchrt, schaffst Du die Grundlagen f\u00fcr ein erf\u00fcllteres Leben.<\/p>\n<p>Warum ein Single Life Workshop? Weil es in all Deinen zuk\u00fcnftigen Beziehungen einen Unterschied machen wird!<\/p>\n<p><a href=\"https:\/\/nothinghidden.ch\/index.php\/events\/kategorie\/slw\/\">Alle Single Life Workshops<\/a><\/div><\/div>\n","protected":false},"excerpt":{"rendered":"<p>Beziehungen aufbauen, vertiefen und pflegen Im Kern dessen, was wir sind, sind wir mit dem Wunsch nach Beziehung geschaffen worden \u2013 um Intimit\u00e4t und Verbindung zu erfahren, um andere kennen&#8230;<\/p>\n","protected":false},"author":1,"featured_media":0,"parent":142,"menu_order":0,"comment_status":"closed","ping_status":"closed","template":"","meta":{"footnotes":""},"class_list":["post-150","page","type-page","status-publish","hentry"],"_links":{"self":[{"href":"https:\/\/nothinghidden.ch\/index.php\/wp-json\/wp\/v2\/pages\/150","targetHints":{"allow":["GET"]}}],"collection":[{"href":"https:\/\/nothinghidden.ch\/index.php\/wp-json\/wp\/v2\/pages"}],"about":[{"href":"https:\/\/nothinghidden.ch\/index.php\/wp-json\/wp\/v2\/types\/page"}],"author":[{"embeddable":true,"href":"https:\/\/nothinghidden.ch\/index.php\/wp-json\/wp\/v2\/users\/1"}],"replies":[{"embeddable":true,"href":"https:\/\/nothinghidden.ch\/index.php\/wp-json\/wp\/v2\/comments?post=150"}],"version-history":[{"count":9,"href":"https:\/\/nothinghidden.ch\/index.php\/wp-json\/wp\/v2\/pages\/150\/revisions"}],"predecessor-version":[{"id":944,"href":"https:\/\/nothinghidden.ch\/index.php\/wp-json\/wp\/v2\/pages\/150\/revisions\/944"}],"up":[{"embeddable":true,"href":"https:\/\/nothinghidden.ch\/index.php\/wp-json\/wp\/v2\/pages\/142"}],"wp:attachment":[{"href":"https:\/\/nothinghidden.ch\/index.php\/wp-json\/wp\/v2\/media?parent=150"}],"curies":[{"name":"wp","href":"https:\/\/api.w.org\/{rel}","templated":true}]}}