{"id":144,"date":"2020-07-21T13:14:43","date_gmt":"2020-07-21T11:14:43","guid":{"rendered":"https:\/\/stage.nothinghidden.ch\/?page_id=144"},"modified":"2024-09-28T16:32:55","modified_gmt":"2024-09-28T14:32:55","slug":"lam","status":"publish","type":"page","link":"https:\/\/nothinghidden.ch\/index.php\/informationen\/lam\/","title":{"rendered":"Liebe in der Ehe | Love After Marriage (LAM)"},"content":{"rendered":"<div class=\"row \"><div class=\"wpv-grid grid-1-1  wpv-first-level first unextended\" style=\"padding-top:0px;padding-bottom:0px\" id=\"wpv-column-090b5669a15fa965140887ea64d2a77d\" ><h2>Gesunde und starke Ehen aufbauen und pflegen<\/h2>\n<p>Von dem Moment an, wo wir \u201eJa, ich will\u201c sagen, w\u00fcnschen wir uns alle eine starke und intime Ehe \u2013 und doch erleben so wenige Menschen dies tats\u00e4chlich mit ihrem Ehepartner. Love After Marriage (LAM) hilft Paaren, sich auf einer tiefen und intimen Ebene zu begegnen, so dass sie die Art von Ehe erleben k\u00f6nnen, die sie sich erhofft haben.<\/p>\n<p>Egal, ob Ihr eine tolle Ehe f\u00fchrt oder eine Ehe, die Heilung und Erfrischung braucht. Egal, ob ihr 2 Monate oder 40 Jahre verheiratet seid&#8230; \u2013 Im LAM-Workshop k\u00f6nnt Ihr erleben, wie Eure Ehebeziehung wiederhergestellt, aufrechterhalten und vertieft werden kann, unabh\u00e4ngig von Eurer Vergangenheit.<\/p>\n<p>LAM-Workshops sind sehr praktisch und bieten Paaren eine Vielzahl an M\u00f6glichkeiten, in eine tiefere und intimere Dimension ihrer Ehe zu kommen.<\/p>\n<p>Im LAM werdet Ihr:<\/p>\n<ol>\n<li>lernen, wie Ihr eine tiefere Intimit\u00e4t geistlich, emotional und k\u00f6rperlich entwickeln k\u00f6nnt, indem Ihr Gott einladet, eine aktive Rolle in Eurer Beziehung zu spielen.<\/li>\n<li>\u00fcben, einfache und praktische Werkzeuge einzusetzen, die Euch helfen, Eure Verbindung aufzubauen und zu sch\u00fctzen. Mit den richtigen Werkzeugen werden selbst die anstrengendsten und schwierigsten Probleme zu einer Gelegenheit, Eurem Ehepartner noch n\u00e4her zu kommen.<\/li>\n<li>Einsicht und Weisheit dar\u00fcber gewinnen, wie Ihr Euch auf emotionaler, sexueller und spiritueller Ebene (wieder) n\u00e4her kommen k\u00f6nnt.<\/li>\n<\/ol>\n<p>Lasst Schmerz und Konflikte in Eurer Ehe nicht ungel\u00f6st. Baut eine neue Intimit\u00e4t in Eurer Beziehung auf und sch\u00fctzt sie, indem Ihr Euch mit den richtigen F\u00e4higkeiten und Werkzeugen ausstattet und lernt, Euch in den Feinheiten der Ehe mit Gott zurechtzufinden.<\/p>\n<p><a href=\"https:\/\/nothinghidden.ch\/index.php\/events\/kategorie\/lam\/\" target=\"_blank\" rel=\"noopener noreferrer\">Aktuelle Angebote LAM Kurse<\/a><\/p>\n<p>Video: <a href=\"https:\/\/www.youtube.com\/watch?v=pJ798KiF7P0\" target=\"_blank\" rel=\"noopener\">Link zu YouTube<\/a><\/div><\/div>\n","protected":false},"excerpt":{"rendered":"<p>Gesunde und starke Ehen aufbauen und pflegen Von dem Moment an, wo wir \u201eJa, ich will\u201c sagen, w\u00fcnschen wir uns alle eine starke und intime Ehe \u2013 und doch erleben&#8230;<\/p>\n","protected":false},"author":1,"featured_media":0,"parent":142,"menu_order":0,"comment_status":"closed","ping_status":"closed","template":"","meta":{"footnotes":""},"class_list":["post-144","page","type-page","status-publish","hentry"],"_links":{"self":[{"href":"https:\/\/nothinghidden.ch\/index.php\/wp-json\/wp\/v2\/pages\/144","targetHints":{"allow":["GET"]}}],"collection":[{"href":"https:\/\/nothinghidden.ch\/index.php\/wp-json\/wp\/v2\/pages"}],"about":[{"href":"https:\/\/nothinghidden.ch\/index.php\/wp-json\/wp\/v2\/types\/page"}],"author":[{"embeddable":true,"href":"https:\/\/nothinghidden.ch\/index.php\/wp-json\/wp\/v2\/users\/1"}],"replies":[{"embeddable":true,"href":"https:\/\/nothinghidden.ch\/index.php\/wp-json\/wp\/v2\/comments?post=144"}],"version-history":[{"count":15,"href":"https:\/\/nothinghidden.ch\/index.php\/wp-json\/wp\/v2\/pages\/144\/revisions"}],"predecessor-version":[{"id":1628,"href":"https:\/\/nothinghidden.ch\/index.php\/wp-json\/wp\/v2\/pages\/144\/revisions\/1628"}],"up":[{"embeddable":true,"href":"https:\/\/nothinghidden.ch\/index.php\/wp-json\/wp\/v2\/pages\/142"}],"wp:attachment":[{"href":"https:\/\/nothinghidden.ch\/index.php\/wp-json\/wp\/v2\/media?parent=144"}],"curies":[{"name":"wp","href":"https:\/\/api.w.org\/{rel}","templated":true}]}}